{"id":1545,"date":"2021-12-08T12:13:47","date_gmt":"2021-12-08T12:13:47","guid":{"rendered":"https:\/\/www.bencis.com\/about\/"},"modified":"2025-11-10T11:20:05","modified_gmt":"2025-11-10T10:20:05","slug":"about","status":"publish","type":"page","link":"https:\/\/bencis.twelvetwentystage.com\/de\/about\/","title":{"rendered":"\u00dcber uns"},"content":{"rendered":"            <div class=\"full-text-module trigger-in-view  \" style=\"background-color: ;\">\r\n            <div class=\"inner cf\">\r\n                <div class=\"text-wrap fade-in\">\r\n                    <h1>\u00dcber uns<\/h1>\n<h5><span style=\"font-weight: 400;\">Bencis ist eine unabh\u00e4ngige Investmentgesellschaft, die 1999 von Zoran van Gessel und Jeroen Pit gegr\u00fcndet wurde. Bencis unterst\u00fctzt Unternehmenseigent\u00fcmer und Managementteams bei der Verwirklichung ihrer Wachstumsambitionen.<\/span><\/h5>\n<p><span style=\"font-weight: 400;\">Seit \u00fcber 20 Jahren investieren wir in starke, erfolgreiche Unternehmen in den Niederlanden, Belgien und Deutschland. Dank unserer Erfahrung und unseres Fachwissens in Sektoren wie Industrie und Fertigung, Nahrungsmittel und Getr\u00e4nke, Dienstleistungen f\u00fcr Unternehmen und Verbraucher, Gesundheitswesen und Freizeit sowie Gro\u00df- und Einzelhandel k\u00f6nnen wir einen echten Mehrwert schaffen.\u00a0<\/span><\/p>\n<p><span style=\"font-weight: 400;\">Dar\u00fcber hinaus steht f\u00fcr uns nicht nur das Unternehmen selbst im Mittelpunkt &#8211; wir unterst\u00fctzen vor allem die Menschen, die Unternehmen aufbauen und weiterbringen wollen!<\/span><\/p>\n<p>Unser Team besteht aus 35 Mitarbeitern, die in unseren Niederlassungen in Amsterdam, Br\u00fcssel\/Diegem und D\u00fcsseldorf t\u00e4tig sind. Aktuell investieren wir in 33 Unternehmen, in denen insgesamt rund 13.235 Menschen besch\u00e4ftigt sind. Gemeinsam erwirtschaften diese Unternehmen einen Umsatz von ca. 2,5 Milliarden Euro. Bencis investiert vorzugsweise in Unternehmen mit einem Betriebsergebnis von bis zu 50 Millionen Euro.<\/p>\n<p>Wenn Sie mehr \u00fcber Bencis erfahren m\u00f6chten, vereinbaren wir gerne ein erstes Gespr\u00e4ch.<\/p>\n<pre id=\"tw-target-text\" class=\"tw-data-text tw-text-large tw-ta\" dir=\"ltr\" data-placeholder=\"Vertaling\"><\/pre>\n\t\t<div class=\"btn \">\r\n\t\t\t<a href=\"https:\/\/bencis.twelvetwentystage.com\/de\/contact\/\" target=\"_self\" >Besuchen Sie unsere Kontaktseite<\/a>\r\n\t\t<\/div>\r\n\t\t                <\/div><!--end of text-wrap-->\r\n            <\/div><!--end of inner-->\r\n        <\/div><!--end of full-text-module-->\r\n\t\t\n\n        <div class=\"timeline-module\">\r\n            <div class=\"inner cf\">\r\n                <div class=\"timeline-module-container\">\r\n                    <div class=\"timeline-module-top trigger-in-view\">\r\n                        <div class=\"timeline-module-text fade-in\">\r\n                                                                                <\/div>\r\n                        <div class=\"timeline-module__arrows fade-in delay-0\">\r\n                            <ul>\r\n                                <li class=\"prev\"><\/li>\r\n                                <li class=\"next\"><\/li>\r\n                            <\/ul>\r\n                        <\/div>\r\n                    <\/div>\r\n                                            <div class=\"timeline-module__slider trigger-in-view\">\r\n                                                                                            <div class=\"timeline-module__slide fade-in delay-0\">\r\n                                    <div class=\"item\">\r\n                                    <div class=\"image\">\r\n                                            <img decoding=\"async\" src=\"https:\/\/bencis.twelvetwentystage.com\/wp-content\/uploads\/2024\/01\/Bencis-Team-scaled.jpg\">\r\n                                        <\/div>\r\n                                        <div class=\"active-line\"><\/div>\r\n                                                                                                                    <\/div>\r\n                                <\/div>\r\n                                                                                            <div class=\"timeline-module__slide fade-in delay-1\">\r\n                                    <div class=\"item\">\r\n                                    <div class=\"image\">\r\n                                            <img decoding=\"async\" src=\"https:\/\/bencis.twelvetwentystage.com\/wp-content\/uploads\/2025\/04\/IMG_9762.jpg\">\r\n                                        <\/div>\r\n                                        <div class=\"active-line\"><\/div>\r\n                                                                                                                    <\/div>\r\n                                <\/div>\r\n                                                                                            <div class=\"timeline-module__slide fade-in delay-2\">\r\n                                    <div class=\"item\">\r\n                                    <div class=\"image\">\r\n                                            <img decoding=\"async\" src=\"https:\/\/bencis.twelvetwentystage.com\/wp-content\/uploads\/2025\/03\/189de208-89fa-4b71-a16e-9fc815c8cb87.jpg\">\r\n                                        <\/div>\r\n                                        <div class=\"active-line\"><\/div>\r\n                                                                                                                    <\/div>\r\n                                <\/div>\r\n                                                                                            <div class=\"timeline-module__slide fade-in delay-3\">\r\n                                    <div class=\"item\">\r\n                                    <div class=\"image\">\r\n                                            <img decoding=\"async\" src=\"https:\/\/bencis.twelvetwentystage.com\/wp-content\/uploads\/2025\/07\/Cable-car-15-scaled.jpeg\">\r\n                                        <\/div>\r\n                                        <div class=\"active-line\"><\/div>\r\n                                                                                                                    <\/div>\r\n                                <\/div>\r\n                                                                                            <div class=\"timeline-module__slide fade-in delay-4\">\r\n                                    <div class=\"item\">\r\n                                    <div class=\"image\">\r\n                                            <img decoding=\"async\" src=\"https:\/\/bencis.twelvetwentystage.com\/wp-content\/uploads\/2025\/04\/IMG_5457.jpg\">\r\n                                        <\/div>\r\n                                        <div class=\"active-line\"><\/div>\r\n                                                                                                                    <\/div>\r\n                                <\/div>\r\n                                                                                            <div class=\"timeline-module__slide fade-in delay-5\">\r\n                                    <div class=\"item\">\r\n                                    <div class=\"image\">\r\n                                            <img decoding=\"async\" src=\"https:\/\/bencis.twelvetwentystage.com\/wp-content\/uploads\/2025\/04\/PHOTO-2021-09-15-10-32-14.jpg\">\r\n                                        <\/div>\r\n                                        <div class=\"active-line\"><\/div>\r\n                                                                                                                    <\/div>\r\n                                <\/div>\r\n                                                                                            <div class=\"timeline-module__slide fade-in delay-6\">\r\n                                    <div class=\"item\">\r\n                                    <div class=\"image\">\r\n                                            <img decoding=\"async\" src=\"https:\/\/bencis.twelvetwentystage.com\/wp-content\/uploads\/2025\/04\/Groepsfoto-schotland.jpg\">\r\n                                        <\/div>\r\n                                        <div class=\"active-line\"><\/div>\r\n                                                                                                                    <\/div>\r\n                                <\/div>\r\n                                                                                            <div class=\"timeline-module__slide fade-in delay-7\">\r\n                                    <div class=\"item\">\r\n                                    <div class=\"image\">\r\n                                            <img decoding=\"async\" src=\"https:\/\/bencis.twelvetwentystage.com\/wp-content\/uploads\/2025\/11\/PAC_0936-scaled.jpg\">\r\n                                        <\/div>\r\n                                        <div class=\"active-line\"><\/div>\r\n                                                                                                                    <\/div>\r\n                                <\/div>\r\n                                                    <\/div>\r\n                                        <div class=\"timeline trigger-in-view\">\r\n                                            <\/div>\r\n                <\/div>\r\n            <\/div><!--end of inner-->\r\n        <\/div><!--end of image-text-module-->\r\n\t\t\n\n        <div class=\"quote-module align-center trigger-in-view\" style=\"background-color: ;\">\r\n            <div class=\"inner cf\">\r\n                <blockquote class=\"fade-in\">\r\n                    <p>Dabei steht f\u00fcr uns nicht nur das Unternehmen selbst im Mittelpunkt, sondern vor allem die Unterst\u00fctzung und partnerschaftliche Zusammenarbeit mit den Menschen, die das Unternehmen aufgebaut haben und es weiter ausbauen<\/p>\r\n                <\/blockquote>\r\n            <\/div><!--end of inner-->\r\n        <\/div><!--end of quote-module-->\r\n\t\t\n\n            <div class=\"full-media-module trigger-in-view\">\r\n            <div class=\"inner cf\">\r\n            <div style=\"padding:56.25% 0 0 0;position:relative;\" class=\"fade-in\"><iframe src=\"https:\/\/player.vimeo.com\/video\/670614338?h=241a0938f8&#038;title=0&#038;byline=0&#038;portrait=0\" style=\"position:absolute;top:0;left:0;width:100%;height:100%;\" frameborder=\"0\" allow=\"autoplay; fullscreen; picture-in-picture\" allowfullscreen><\/iframe><\/div><script src=\"https:\/\/player.vimeo.com\/api\/player.js\"><\/script>\r\n                                <div class=\"text-wrap fade-in\">\r\n                    <p>Sehen Sie sich unser Video an.<\/p>\n                <\/div><!--end of text-wrap-->\r\n                            <\/div><!--end of inner-->\r\n        <\/div><!--end of full-media-module-->\r\n\t\t","protected":false},"excerpt":{"rendered":"","protected":false},"author":1,"featured_media":0,"parent":0,"menu_order":0,"comment_status":"closed","ping_status":"closed","template":"","meta":{"_acf_changed":false,"footnotes":""},"class_list":["post-1545","page","type-page","status-publish","hentry"],"acf":[],"yoast_head":"<!-- This site is optimized with the Yoast SEO plugin v27.4 - https:\/\/yoast.com\/product\/yoast-seo-wordpress\/ -->\n<title>\u00dcber uns | Bencis<\/title>\n<meta name=\"description\" content=\"Unser Team besteht aus 30 Mitarbeitern, die in unseren Niederlassungen in Amsterdam, Br\u00fcssel\/Diegem und D\u00fcsseldorf t\u00e4tig sind.\" \/>\n<meta name=\"robots\" content=\"noindex, follow, max-snippet:-1, max-image-preview:large, max-video-preview:-1\" \/>\n<meta property=\"og:locale\" content=\"de_DE\" \/>\n<meta property=\"og:type\" content=\"article\" \/>\n<meta property=\"og:title\" content=\"\u00dcber uns | Bencis\" \/>\n<meta property=\"og:description\" content=\"Unser Team besteht aus 30 Mitarbeitern, die in unseren Niederlassungen in Amsterdam, Br\u00fcssel\/Diegem und D\u00fcsseldorf t\u00e4tig sind.\" \/>\n<meta property=\"og:url\" content=\"https:\/\/bencis.twelvetwentystage.com\/de\/about\/\" \/>\n<meta property=\"og:site_name\" content=\"Bencis\" \/>\n<meta property=\"article:modified_time\" content=\"2025-11-10T10:20:05+00:00\" \/>\n<meta name=\"twitter:card\" content=\"summary_large_image\" \/>\n<script type=\"application\/ld+json\" class=\"yoast-schema-graph\">{\"@context\":\"https:\\\/\\\/schema.org\",\"@graph\":[{\"@type\":\"WebPage\",\"@id\":\"https:\\\/\\\/bencis.twelvetwentystage.com\\\/de\\\/about\\\/\",\"url\":\"https:\\\/\\\/bencis.twelvetwentystage.com\\\/de\\\/about\\\/\",\"name\":\"\u00dcber uns | Bencis\",\"isPartOf\":{\"@id\":\"https:\\\/\\\/bencis.twelvetwentystage.com\\\/#website\"},\"datePublished\":\"2021-12-08T12:13:47+00:00\",\"dateModified\":\"2025-11-10T10:20:05+00:00\",\"description\":\"Unser Team besteht aus 30 Mitarbeitern, die in unseren Niederlassungen in Amsterdam, Br\u00fcssel\\\/Diegem und D\u00fcsseldorf t\u00e4tig sind.\",\"breadcrumb\":{\"@id\":\"https:\\\/\\\/bencis.twelvetwentystage.com\\\/de\\\/about\\\/#breadcrumb\"},\"inLanguage\":\"de\",\"potentialAction\":[{\"@type\":\"ReadAction\",\"target\":[\"https:\\\/\\\/bencis.twelvetwentystage.com\\\/de\\\/about\\\/\"]}]},{\"@type\":\"BreadcrumbList\",\"@id\":\"https:\\\/\\\/bencis.twelvetwentystage.com\\\/de\\\/about\\\/#breadcrumb\",\"itemListElement\":[{\"@type\":\"ListItem\",\"position\":1,\"name\":\"Home\",\"item\":\"https:\\\/\\\/bencis.twelvetwentystage.com\\\/de\\\/\"},{\"@type\":\"ListItem\",\"position\":2,\"name\":\"\u00dcber uns\"}]},{\"@type\":\"WebSite\",\"@id\":\"https:\\\/\\\/bencis.twelvetwentystage.com\\\/#website\",\"url\":\"https:\\\/\\\/bencis.twelvetwentystage.com\\\/\",\"name\":\"Bencis\",\"description\":\"Realising Ambitions\",\"potentialAction\":[{\"@type\":\"SearchAction\",\"target\":{\"@type\":\"EntryPoint\",\"urlTemplate\":\"https:\\\/\\\/bencis.twelvetwentystage.com\\\/?s={search_term_string}\"},\"query-input\":{\"@type\":\"PropertyValueSpecification\",\"valueRequired\":true,\"valueName\":\"search_term_string\"}}],\"inLanguage\":\"de\"}]}<\/script>\n<!-- \/ Yoast SEO plugin. -->","yoast_head_json":{"title":"\u00dcber uns | Bencis","description":"Unser Team besteht aus 30 Mitarbeitern, die in unseren Niederlassungen in Amsterdam, Br\u00fcssel\/Diegem und D\u00fcsseldorf t\u00e4tig sind.","robots":{"index":"noindex","follow":"follow","max-snippet":"max-snippet:-1","max-image-preview":"max-image-preview:large","max-video-preview":"max-video-preview:-1"},"og_locale":"de_DE","og_type":"article","og_title":"\u00dcber uns | Bencis","og_description":"Unser Team besteht aus 30 Mitarbeitern, die in unseren Niederlassungen in Amsterdam, Br\u00fcssel\/Diegem und D\u00fcsseldorf t\u00e4tig sind.","og_url":"https:\/\/bencis.twelvetwentystage.com\/de\/about\/","og_site_name":"Bencis","article_modified_time":"2025-11-10T10:20:05+00:00","twitter_card":"summary_large_image","schema":{"@context":"https:\/\/schema.org","@graph":[{"@type":"WebPage","@id":"https:\/\/bencis.twelvetwentystage.com\/de\/about\/","url":"https:\/\/bencis.twelvetwentystage.com\/de\/about\/","name":"\u00dcber uns | Bencis","isPartOf":{"@id":"https:\/\/bencis.twelvetwentystage.com\/#website"},"datePublished":"2021-12-08T12:13:47+00:00","dateModified":"2025-11-10T10:20:05+00:00","description":"Unser Team besteht aus 30 Mitarbeitern, die in unseren Niederlassungen in Amsterdam, Br\u00fcssel\/Diegem und D\u00fcsseldorf t\u00e4tig sind.","breadcrumb":{"@id":"https:\/\/bencis.twelvetwentystage.com\/de\/about\/#breadcrumb"},"inLanguage":"de","potentialAction":[{"@type":"ReadAction","target":["https:\/\/bencis.twelvetwentystage.com\/de\/about\/"]}]},{"@type":"BreadcrumbList","@id":"https:\/\/bencis.twelvetwentystage.com\/de\/about\/#breadcrumb","itemListElement":[{"@type":"ListItem","position":1,"name":"Home","item":"https:\/\/bencis.twelvetwentystage.com\/de\/"},{"@type":"ListItem","position":2,"name":"\u00dcber uns"}]},{"@type":"WebSite","@id":"https:\/\/bencis.twelvetwentystage.com\/#website","url":"https:\/\/bencis.twelvetwentystage.com\/","name":"Bencis","description":"Realising Ambitions","potentialAction":[{"@type":"SearchAction","target":{"@type":"EntryPoint","urlTemplate":"https:\/\/bencis.twelvetwentystage.com\/?s={search_term_string}"},"query-input":{"@type":"PropertyValueSpecification","valueRequired":true,"valueName":"search_term_string"}}],"inLanguage":"de"}]}},"_links":{"self":[{"href":"https:\/\/bencis.twelvetwentystage.com\/de\/wp-json\/wp\/v2\/pages\/1545","targetHints":{"allow":["GET"]}}],"collection":[{"href":"https:\/\/bencis.twelvetwentystage.com\/de\/wp-json\/wp\/v2\/pages"}],"about":[{"href":"https:\/\/bencis.twelvetwentystage.com\/de\/wp-json\/wp\/v2\/types\/page"}],"author":[{"embeddable":true,"href":"https:\/\/bencis.twelvetwentystage.com\/de\/wp-json\/wp\/v2\/users\/1"}],"replies":[{"embeddable":true,"href":"https:\/\/bencis.twelvetwentystage.com\/de\/wp-json\/wp\/v2\/comments?post=1545"}],"version-history":[{"count":64,"href":"https:\/\/bencis.twelvetwentystage.com\/de\/wp-json\/wp\/v2\/pages\/1545\/revisions"}],"predecessor-version":[{"id":10388,"href":"https:\/\/bencis.twelvetwentystage.com\/de\/wp-json\/wp\/v2\/pages\/1545\/revisions\/10388"}],"wp:attachment":[{"href":"https:\/\/bencis.twelvetwentystage.com\/de\/wp-json\/wp\/v2\/media?parent=1545"}],"curies":[{"name":"wp","href":"https:\/\/api.w.org\/{rel}","templated":true}]}}