{"id":1917,"date":"2021-12-08T11:38:21","date_gmt":"2021-12-08T11:38:21","guid":{"rendered":"https:\/\/www.bencis.com\/privacy-and-cookie-policy\/"},"modified":"2022-06-07T08:47:53","modified_gmt":"2022-06-07T08:47:53","slug":"privacy-and-cookie-policy","status":"publish","type":"page","link":"https:\/\/bencis.twelvetwentystage.com\/de\/privacy-and-cookie-policy\/","title":{"rendered":"Datenschutz- und cookie-Richtlinie"},"content":{"rendered":"            <div class=\"full-text-module trigger-in-view  \" style=\"background-color: ;\">\r\n            <div class=\"inner cf\">\r\n                <div class=\"text-wrap fade-in\">\r\n                    <h1 class=\"title\">DATENSCHUTZ- UND COOKIE-RICHTLINIE<\/h1>\n<p class=\"p1\"><span class=\"s1\"><b>Einleitung<br \/>\n<\/b><\/span><span class=\"s1\">Dies ist die Datenschutzrichtlinie der Website www.bencis.com. In der Richtlinie erl\u00e4utern wir, wie wir \u00fcber unsere Website personenbezogene Daten erfassen und wie wir diese Daten verwenden, um Ihnen unsere Dienstleistungen anzubieten. Wir gehen \u00e4u\u00dferst sorgf\u00e4ltig mit s\u00e4mtlichen personenbezogenen Daten um und leiten diese an andere Gesch\u00e4ftseinheiten von Bencis und an unsere Unterauftragnehmer (Drittparteien) wie unseren Hosting-Provider weiter.<\/span><\/p>\n<p class=\"p1\"><span class=\"s1\">Die vorliegende Richtlinie wird regelm\u00e4\u00dfig aktualisiert, zum Beispiel wenn wir unsere Website mit neuen Funktionen ausstatten, die auf der Nutzung personenbezogener Daten beruhen.<\/span><\/p>\n<p class=\"p1\"><span class=\"s1\"><b>Wie wir Ihre personenbezogenen Daten verwenden:<br \/>\n<\/b><\/span><span class=\"s1\">Wir verwenden personenbezogene Daten, die Sie uns bereitwillig \u00fcber unsere Website zur Verf\u00fcgung stellen. Wenn Sie sich zum Beispiel f\u00fcr einen Newsletter von Bencis oder f\u00fcr eine Veranstaltung anmelden, bitte wir Sie um folgende Angaben: Ihren Namen, Firmenname, Adresse und E-Mail-Adresse. Diese Daten werden verwendet, um relevante Newsletter f\u00fcr Sie auszuw\u00e4hlen und Sie zu geplanten Veranstaltungen einzuladen. Wir k\u00f6nnen diese Daten auch dazu verwenden, um Sie \u00fcber andere, m\u00f6glicherweise f\u00fcr Sie interessante Themen zu informieren.<\/span><\/p>\n<p class=\"p1\"><span class=\"s1\">Zus\u00e4tzlich dazu verarbeiten wir personenbezogene Daten automatisch, um die technische Verf\u00fcgbarkeit und die Funktionalit\u00e4ten unserer Website sowie deren Benutzerfreundlichkeit zu gew\u00e4hrleisten. Zu diesem Zweck verarbeiten wir m\u00f6glicherweise Daten wie Ihre IP-Adresse, die von Ihnen aufgerufenen Seiten unserer Website, den von Ihnen verwendeten Browser, demographische Informationen sowie Zeitpunkt und Dauer Ihres Website-Besuchs. Zum gleichen Zweck verwenden wir auch Cookies. Anhand von Cookies erfahren wir mehr dar\u00fcber, wie die Website genutzt wird und k\u00f6nnen so die allgemeine Nutzererfahrung optimieren. Nachstehend finden Sie n\u00e4here Informationen \u00fcber Cookies.<\/span><\/p>\n<p class=\"p1\"><span class=\"s1\">Wenn Sie sich mit Fragen oder Anfragen an uns wenden, verwenden wir die von Ihnen bereitgestellten pers\u00f6nlichen Daten zur entsprechenden Beantwortung und R\u00fcckmeldung.<\/span><\/p>\n<p class=\"p1\"><span class=\"s1\"><b>Sicherheit<br \/>\n<\/b><\/span><span class=\"s1\">Bencis trifft verschiedene technische und organisatorische Ma\u00dfnahmen zum Schutz Ihrer personenbezogenen Daten. Dazu z\u00e4hlen Firewalls, gesicherte Server und Auftragsverarbeitungs-Vertr\u00e4ge (AV-Vertr\u00e4ge) mit Drittparteien, die das Hosting unserer Website \u00fcbernehmen.\u00a0<\/span><\/p>\n<p class=\"p1\"><span class=\"s1\">Wir treffen insbesondere folgende Ma\u00dfnahmen:<\/span><\/p>\n<ul class=\"ul1\">\n<li class=\"li1\"><span class=\"s1\">F\u00fcr den Zugriff auf personenbezogene Daten ist ein Benutzername und ein Passwort erforderlich.<\/span><\/li>\n<li class=\"li1\"><span class=\"s1\">Wir nutzen sichere Verbindungen mit dem Secure-Sockets-Layer-Protokoll (SSL-Protokoll) zur Verschl\u00fcsselung aller Daten, die bei der Eingabe von pers\u00f6nlichen Daten zwischen Ihnen und unserer Website \u00fcbermittelt werden.<\/span><\/li>\n<\/ul>\n<p class=\"p1\"><span class=\"s1\"><b>Cookies<br \/>\n<\/b><\/span><span class=\"s1\">Cookies sind kleine Textdateien, die auf Ihrem Ger\u00e4t abgelegt werden. Zu Analysezwecken machen wir Gebrauch von Analytics-Cookies von Drittparteien, um die Funktion und die Benutzerfreundlichkeit unserer Website weiter zu optimieren.<\/span><\/p>\n<p class=\"p1\"><span class=\"s1\">Wenn Sie der Verwendung von Cookies nicht zustimmen, hinterlegen wir einen funktionalen No-Follow-Cookie auf Ihrem Ger\u00e4t, um Ihre Entscheidung festzulegen. Dieser Cookie verliert nach zwei Wochen seine G\u00fcltigkeit.\u00a0<\/span><\/p>\n<p class=\"p1\"><span class=\"s1\">Es kann auch vorkommen, dass verschiedene soziale Medien, auf die auf unserer Website verwiesen wird, Cookies ablegen. Soziale Medien verwenden solche Cookies, um bestimmte Funktionen zu erm\u00f6glichen und um Daten zu sammeln, die sie f\u00fcr ihre eigenen Zwecke nutzen k\u00f6nnen.<\/span><\/p>\n<p class=\"p1\"><span class=\"s1\">Sie k\u00f6nnen Cookies jederzeit aktivieren oder deaktivieren, indem Sie Ihre Browser-Einstellungen f\u00fcr Cookies anpassen.<\/span><\/p>\n<p class=\"p1\"><span class=\"s1\">Wir behandeln alle durch die Verwendung von Cookies erfassten Daten vertraulich.<\/span><\/p>\n<p class=\"p1\"><span class=\"s1\"><b>Soziale Medien<br \/>\n<\/b><\/span><span class=\"s1\">Wenn Sie Inhalte der Bencis-Website \u00fcber soziale Medien teilen, k\u00f6nnen Besucher Ihrer pers\u00f6nlichen Seiten auf den Websites der betreffenden sozialen Medien Ihre personenbezogenen Daten einsehen. Wir lehnen jede Verantwortung und Haftung f\u00fcr die Verarbeitung Ihrer personenbezogenen Daten in solchen Medien ab.<\/span><\/p>\n<p class=\"p1\"><span class=\"s1\"><b>Externe Websites<br \/>\n<\/b><\/span><span class=\"s1\">Die Bencis-Website kann Verweise \u2013 einschlie\u00dflich Hyperlinks \u2013 auf Websites enthalten, die von externen Unternehmen\/Personen oder von sozialen Medien betrieben werden. Bencis lehnt jede Verantwortung und Haftung f\u00fcr die Verarbeitung Ihrer personenbezogenen Daten von diesen externen Websites ab. Die vorliegende Datenschutz- und Cookie-Richtlinie gilt nicht f\u00fcr die Nutzung jener externer Websites.<\/span><\/p>\n<p class=\"p1\"><span class=\"s1\">Wir arbeiten mit anderen Organisationen zusammen, die m\u00f6glicherweise Zugang zu Ihren personenbezogenen Daten erhalten. Wir stellen anderen Unternehmen oder Organisationen Ihre personenbezogenen Daten zur Verf\u00fcgung, wenn dies gesetzlich vorgeschrieben ist (zum Beispiel wenn die Polizei im Falle eines mutma\u00dflichen Vergehens Einsicht in die personenbezogenen Daten verlangt).<\/span><\/p>\n<p class=\"p1\"><span class=\"s1\"><b>Recht auf Einsicht, Berichtigung und L\u00f6schung<br \/>\n<\/b><\/span><span class=\"s1\">Sie haben jederzeit und unentgeltlich das Recht, Ihre von Bencis verarbeiteten personenbezogenen Daten einzusehen, korrigieren oder l\u00f6schen zu lassen. Sie haben au\u00dferdem das Recht, die Verarbeitung Ihrer personenbezogenen Daten zu Zwecken des Direktmarketings zu verweigern.<\/span><\/p>\n<p class=\"p1\"><span class=\"s1\">Wenn Sie Ihre von Bencis verarbeiteten personenbezogenen Daten einsehen m\u00f6chten oder Ihre Daten gerne aktualisieren, korrigieren oder l\u00f6schen lassen m\u00f6chten, senden Sie bitte eine entsprechende Anfrage per E-Mail an\u00a0<a href=\"mailto:info@bencis.com\"><span class=\"s3\">info@bencis.com<\/span><\/a>\u00a0oder auf dem Postweg an die f\u00fcr die Verarbeitung Ihrer Daten verantwortliche Gesch\u00e4ftseinheit von Bencis (siehe unten).<\/span><\/p>\n<p class=\"p1\"><span class=\"s1\">Etwaige Fragen oder Beanstandungen zu dieser Datenschutz- und Cookie-Richtlinie richten Sie bitte per E-Mail an\u00a0<a href=\"mailto:info@bencis.com\"><span class=\"s3\">info@bencis.com<\/span><\/a>.\u00a0Wenn Sie der Meinung sind, dass wir Ihnen nicht ad\u00e4quat helfen, haben Sie das Recht, eine Beschwerde bei der zust\u00e4ndigen Aufsichtsbeh\u00f6rde einzureichen. F\u00fcr die Niederlande ist dies die \u201eAutoriteit Persoonsgegevens\u201c, f\u00fcr Deutschland die jeweils zust\u00e4ndigen Landesdatenschutzbeh\u00f6rden.<\/span><\/p>\n<p class=\"p1\"><span class=\"s1\"><b>Verantwortliche f\u00fcr Ihre pers\u00f6nlichen Daten<br \/>\n<\/b><\/span><span class=\"s1\">Bencis Capital Partners B.V. mit Sitz in den Niederlanden (Zuidplein 76, 1077\u00a0XV Amsterdam), Bencis Capital Partners Belgium N.V. mit Sitz in Belgien (Culliganlaan 2E, 1831 Br\u00fcssel) und Bencis Capital Partners Deutschland GmbH mit Sitz in Deutschland (Kaiserswerther Stra\u00dfe 115, 40880 Ratingen) gelten gemeinsam als Verantwortliche f\u00fcr Ihre personenbezogenen Daten.<\/span><\/p>\n                <\/div><!--end of text-wrap-->\r\n            <\/div><!--end of inner-->\r\n        <\/div><!--end of full-text-module-->\r\n\t\t","protected":false},"excerpt":{"rendered":"","protected":false},"author":1,"featured_media":0,"parent":0,"menu_order":0,"comment_status":"closed","ping_status":"closed","template":"","meta":{"_acf_changed":false,"footnotes":""},"class_list":["post-1917","page","type-page","status-publish","hentry"],"acf":[],"yoast_head":"<!-- This site is optimized with the Yoast SEO plugin v27.4 - https:\/\/yoast.com\/product\/yoast-seo-wordpress\/ -->\n<title>Datenschutz- und cookie-Richtlinie | Bencis<\/title>\n<meta name=\"description\" content=\"Dies ist die Datenschutzrichtlinie der Website www.bencis.com.\" \/>\n<meta name=\"robots\" content=\"noindex, follow, max-snippet:-1, max-image-preview:large, max-video-preview:-1\" \/>\n<meta property=\"og:locale\" content=\"de_DE\" \/>\n<meta property=\"og:type\" content=\"article\" \/>\n<meta property=\"og:title\" content=\"Datenschutz- und cookie-Richtlinie | Bencis\" \/>\n<meta property=\"og:description\" content=\"Dies ist die Datenschutzrichtlinie der Website www.bencis.com.\" \/>\n<meta property=\"og:url\" content=\"https:\/\/bencis.twelvetwentystage.com\/de\/privacy-and-cookie-policy\/\" \/>\n<meta property=\"og:site_name\" content=\"Bencis\" \/>\n<meta property=\"article:modified_time\" content=\"2022-06-07T08:47:53+00:00\" \/>\n<meta name=\"twitter:card\" content=\"summary_large_image\" \/>\n<script type=\"application\/ld+json\" class=\"yoast-schema-graph\">{\"@context\":\"https:\\\/\\\/schema.org\",\"@graph\":[{\"@type\":\"WebPage\",\"@id\":\"https:\\\/\\\/bencis.twelvetwentystage.com\\\/de\\\/privacy-and-cookie-policy\\\/\",\"url\":\"https:\\\/\\\/bencis.twelvetwentystage.com\\\/de\\\/privacy-and-cookie-policy\\\/\",\"name\":\"Datenschutz- und cookie-Richtlinie | Bencis\",\"isPartOf\":{\"@id\":\"https:\\\/\\\/bencis.twelvetwentystage.com\\\/#website\"},\"datePublished\":\"2021-12-08T11:38:21+00:00\",\"dateModified\":\"2022-06-07T08:47:53+00:00\",\"description\":\"Dies ist die Datenschutzrichtlinie der Website www.bencis.com.\",\"breadcrumb\":{\"@id\":\"https:\\\/\\\/bencis.twelvetwentystage.com\\\/de\\\/privacy-and-cookie-policy\\\/#breadcrumb\"},\"inLanguage\":\"de\",\"potentialAction\":[{\"@type\":\"ReadAction\",\"target\":[\"https:\\\/\\\/bencis.twelvetwentystage.com\\\/de\\\/privacy-and-cookie-policy\\\/\"]}]},{\"@type\":\"BreadcrumbList\",\"@id\":\"https:\\\/\\\/bencis.twelvetwentystage.com\\\/de\\\/privacy-and-cookie-policy\\\/#breadcrumb\",\"itemListElement\":[{\"@type\":\"ListItem\",\"position\":1,\"name\":\"Home\",\"item\":\"https:\\\/\\\/bencis.twelvetwentystage.com\\\/de\\\/\"},{\"@type\":\"ListItem\",\"position\":2,\"name\":\"Datenschutz- und cookie-Richtlinie\"}]},{\"@type\":\"WebSite\",\"@id\":\"https:\\\/\\\/bencis.twelvetwentystage.com\\\/#website\",\"url\":\"https:\\\/\\\/bencis.twelvetwentystage.com\\\/\",\"name\":\"Bencis\",\"description\":\"Realising Ambitions\",\"potentialAction\":[{\"@type\":\"SearchAction\",\"target\":{\"@type\":\"EntryPoint\",\"urlTemplate\":\"https:\\\/\\\/bencis.twelvetwentystage.com\\\/?s={search_term_string}\"},\"query-input\":{\"@type\":\"PropertyValueSpecification\",\"valueRequired\":true,\"valueName\":\"search_term_string\"}}],\"inLanguage\":\"de\"}]}<\/script>\n<!-- \/ Yoast SEO plugin. -->","yoast_head_json":{"title":"Datenschutz- und cookie-Richtlinie | Bencis","description":"Dies ist die Datenschutzrichtlinie der Website www.bencis.com.","robots":{"index":"noindex","follow":"follow","max-snippet":"max-snippet:-1","max-image-preview":"max-image-preview:large","max-video-preview":"max-video-preview:-1"},"og_locale":"de_DE","og_type":"article","og_title":"Datenschutz- und cookie-Richtlinie | Bencis","og_description":"Dies ist die Datenschutzrichtlinie der Website www.bencis.com.","og_url":"https:\/\/bencis.twelvetwentystage.com\/de\/privacy-and-cookie-policy\/","og_site_name":"Bencis","article_modified_time":"2022-06-07T08:47:53+00:00","twitter_card":"summary_large_image","schema":{"@context":"https:\/\/schema.org","@graph":[{"@type":"WebPage","@id":"https:\/\/bencis.twelvetwentystage.com\/de\/privacy-and-cookie-policy\/","url":"https:\/\/bencis.twelvetwentystage.com\/de\/privacy-and-cookie-policy\/","name":"Datenschutz- und cookie-Richtlinie | Bencis","isPartOf":{"@id":"https:\/\/bencis.twelvetwentystage.com\/#website"},"datePublished":"2021-12-08T11:38:21+00:00","dateModified":"2022-06-07T08:47:53+00:00","description":"Dies ist die Datenschutzrichtlinie der Website www.bencis.com.","breadcrumb":{"@id":"https:\/\/bencis.twelvetwentystage.com\/de\/privacy-and-cookie-policy\/#breadcrumb"},"inLanguage":"de","potentialAction":[{"@type":"ReadAction","target":["https:\/\/bencis.twelvetwentystage.com\/de\/privacy-and-cookie-policy\/"]}]},{"@type":"BreadcrumbList","@id":"https:\/\/bencis.twelvetwentystage.com\/de\/privacy-and-cookie-policy\/#breadcrumb","itemListElement":[{"@type":"ListItem","position":1,"name":"Home","item":"https:\/\/bencis.twelvetwentystage.com\/de\/"},{"@type":"ListItem","position":2,"name":"Datenschutz- und cookie-Richtlinie"}]},{"@type":"WebSite","@id":"https:\/\/bencis.twelvetwentystage.com\/#website","url":"https:\/\/bencis.twelvetwentystage.com\/","name":"Bencis","description":"Realising Ambitions","potentialAction":[{"@type":"SearchAction","target":{"@type":"EntryPoint","urlTemplate":"https:\/\/bencis.twelvetwentystage.com\/?s={search_term_string}"},"query-input":{"@type":"PropertyValueSpecification","valueRequired":true,"valueName":"search_term_string"}}],"inLanguage":"de"}]}},"_links":{"self":[{"href":"https:\/\/bencis.twelvetwentystage.com\/de\/wp-json\/wp\/v2\/pages\/1917","targetHints":{"allow":["GET"]}}],"collection":[{"href":"https:\/\/bencis.twelvetwentystage.com\/de\/wp-json\/wp\/v2\/pages"}],"about":[{"href":"https:\/\/bencis.twelvetwentystage.com\/de\/wp-json\/wp\/v2\/types\/page"}],"author":[{"embeddable":true,"href":"https:\/\/bencis.twelvetwentystage.com\/de\/wp-json\/wp\/v2\/users\/1"}],"replies":[{"embeddable":true,"href":"https:\/\/bencis.twelvetwentystage.com\/de\/wp-json\/wp\/v2\/comments?post=1917"}],"version-history":[{"count":7,"href":"https:\/\/bencis.twelvetwentystage.com\/de\/wp-json\/wp\/v2\/pages\/1917\/revisions"}],"predecessor-version":[{"id":4905,"href":"https:\/\/bencis.twelvetwentystage.com\/de\/wp-json\/wp\/v2\/pages\/1917\/revisions\/4905"}],"wp:attachment":[{"href":"https:\/\/bencis.twelvetwentystage.com\/de\/wp-json\/wp\/v2\/media?parent=1917"}],"curies":[{"name":"wp","href":"https:\/\/api.w.org\/{rel}","templated":true}]}}