{"id":1922,"date":"2021-12-08T15:15:39","date_gmt":"2021-12-08T15:15:39","guid":{"rendered":"https:\/\/www.bencis.com\/support\/"},"modified":"2023-01-17T08:26:35","modified_gmt":"2023-01-17T08:26:35","slug":"partner-initiativen","status":"publish","type":"page","link":"https:\/\/bencis.twelvetwentystage.com\/de\/partner-initiativen\/","title":{"rendered":"Partner &#038; Initiativen"},"content":{"rendered":"            <div class=\"full-text-module trigger-in-view  \" style=\"background-color: ;\">\r\n            <div class=\"inner cf\">\r\n                <div class=\"text-wrap fade-in\">\r\n                    <h1>Partner &amp; Initiativen<\/h1>\n<h1><strong>\u2013\u00a0<\/strong><\/h1>\n<h1>Bencis unterst\u00fctzt Level 20<\/h1>\n<h5>Level 20 ist eine gemeinn\u00fctzige Organisation, die sich der Verbesserung der Geschlechtervielfalt in der europ\u00e4ischen Private-Equity-Branche verschrieben hat.<\/h5>\n<p>Unser Ziel ist es, dass Frauen 20 % der F\u00fchrungspositionen in dieser dynamischen Branche bekleiden. Zu diesem Zweck arbeiten wir daran, Frauen zu inspirieren, in die Private-Equity-Branche einzusteigen, insbesondere in Investmentpositionen, und ihnen zum Erfolg zu verhelfen, indem wir Unterst\u00fctzung bieten und den Austausch von Erkenntnissen und Erfahrungen erleichtern. Unsere neueste Studie mit der British Venture Capital Association, die im M\u00e4rz 2021 abgeschlossen wurde, zeigt, dass 10 % der leitenden Investmentpositionen von Frauen besetzt sind, verglichen mit 6 % im Jahr 2018.<\/p>\n<p>Wir sind dankbar f\u00fcr die kontinuierliche Unterst\u00fctzung unserer wachsenden Mitgliederzahl von \u00fcber 2.500 Personen und f\u00fcr das finanzielle Engagement von \u00fcber 80 Private-Equity-Firmen, die uns heute unterst\u00fctzen, sowie anderen im Private-Equity-Sektor t\u00e4tigen Unternehmen, die uns ebenfalls finanziell unterst\u00fctzen. Gemeinsam schaffen wir eine st\u00e4rkere Stimme f\u00fcr die Verbesserung der Vertretung von Frauen in der gesamten Branche.<\/p>\n                <\/div><!--end of text-wrap-->\r\n            <\/div><!--end of inner-->\r\n        <\/div><!--end of full-text-module-->\r\n\t\t\n\n        <div class=\"image-text-module trigger-in-view \" style=\"background-color: ;\">\r\n            <div class=\"inner cf fade-in\">\r\n                <div class=\"image-text-module__slider  \">\r\n                                        <div class=\"image-text-module__slide\">\r\n                        <div class=\"img-wrap\">\r\n                                \t\r\n\t\t\t\t<div class='img webp' style='background-image: url(https:\/\/bencis.twelvetwentystage.com\/wp-content\/uploads\/2021\/12\/image-text-img-2.webp);'><\/div><!--end of img-wrap-->\r\n\t\t\t\t\t\t<div class='img' style='background-image: url(https:\/\/bencis.twelvetwentystage.com\/wp-content\/uploads\/2021\/12\/image-text-img-2.jpg);'><\/div><!--end of img-wrap-->\r\n\t\t\t\r\n\t                            <span>Level 20<\/span>\r\n                        <\/div><!--end of img-wrap-->\r\n\r\n                        <div class=\"text-wrap\">\r\n                            <p><img loading=\"lazy\" decoding=\"async\" class=\"alignnone wp-image-3771\" src=\"https:\/\/bencis.twelvetwentystage.com\/wp-content\/uploads\/2022\/04\/Level-20-wit.png\" alt=\"\" width=\"94\" height=\"89\" \/><\/p>\n<p>Weniger Frauen als M\u00e4nner steigen in Private Equity ein und nur ein kleiner Teil kommt in F\u00fchrungspositionen voran. Wir glauben, dass eine st\u00e4rkere Beteiligung von Frauen, insbesondere in F\u00fchrungspositionen, zu einer verbesserten und nachhaltigen Anlageperformance f\u00fchren wird. Viele Studien haben einen Zusammenhang zwischen der Geschlechterdiversit\u00e4t in F\u00fchrungsteams und h\u00f6heren Eigenkapitalrenditen b\u00f6rsennotierter Unternehmen gezeigt. Wir sehen keinen Grund, warum Private Equity anders sein sollte.<\/p>\n\t\t<div class=\"btn \">\r\n\t\t\t<a href=\"https:\/\/www.level20.org\/\" target=\"_blank\" >Webseite<\/a>\r\n\t\t<\/div>\r\n\t\t                        <\/div><!--end of text-wrap-->\r\n                    <\/div><!--end of image-text-module__slide-->\r\n                                    <\/div><!--end of image-text-module__slider-->\r\n            <\/div><!--end of inner-->\r\n        <\/div><!--end of image-text-module-->\r\n\t\t\n\n        <div class=\"quote-module align-center trigger-in-view\" style=\"background-color: ;\">\r\n            <div class=\"inner cf\">\r\n                <blockquote class=\"fade-in\">\r\n                    <p>Level 20 ist eine Non-Profit-Organisation, um mehr Frauen zu inspirieren, sich der Private-Equity-Branche anzuschlie\u00dfen und erfolgreich zu sein.<\/p>\r\n                <\/blockquote>\r\n            <\/div><!--end of inner-->\r\n        <\/div><!--end of quote-module-->\r\n\t\t\n\n            <div class=\"full-text-module trigger-in-view  \" style=\"background-color: #f8f8f8;\">\r\n            <div class=\"inner cf\">\r\n                <div class=\"text-wrap fade-in\">\r\n                    <h2>Bencis unterst\u00fctzt das Jeroen Pit Huis<\/h2>\n<h5>Jeroen Pit (20. Mai 1968 \u2013 5. Februar 2012) war eine starke Pers\u00f6nlichkeit. Ein Menschenmensch, ein besonderer Freund und hingebungsvoller Ehemann und Vater.<\/h5>\n<p>Jeroen Pit studierte \u00d6konometrie und sp\u00e4ter Volkswirtschaftslehre an der VU in Amsterdam und begann seine Gesch\u00e4ftskarriere im Bereich Corporate Finance bei Mees Pierson.<\/p>\n<p>Ab 1998 arbeitete Jeroen als selbstst\u00e4ndiger Unternehmer und gr\u00fcndete 2004 zusammen mit Zoran van Gessel die Investmentgesellschaft Bencis Capital Partners.<\/p>\n                <\/div><!--end of text-wrap-->\r\n            <\/div><!--end of inner-->\r\n        <\/div><!--end of full-text-module-->\r\n\t\t\n\n        <div class=\"image-text-module trigger-in-view  switch \" style=\"background-color: #f8f8f8;\">\r\n            <div class=\"inner cf fade-in\">\r\n                <div class=\"image-text-module__slider  \">\r\n                                        <div class=\"image-text-module__slide\">\r\n                        <div class=\"img-wrap\">\r\n                                \t\r\n\t\t\t\t<div class='img webp' style='background-image: url(https:\/\/bencis.twelvetwentystage.com\/wp-content\/uploads\/2021\/12\/image-text-img-3.webp);'><\/div><!--end of img-wrap-->\r\n\t\t\t\t\t\t<div class='img' style='background-image: url(https:\/\/bencis.twelvetwentystage.com\/wp-content\/uploads\/2021\/12\/image-text-img-3.jpg);'><\/div><!--end of img-wrap-->\r\n\t\t\t\r\n\t                            <span>Jeroen Pit<\/span>\r\n                        <\/div><!--end of img-wrap-->\r\n\r\n                        <div class=\"text-wrap\">\r\n                            <p><img loading=\"lazy\" decoding=\"async\" class=\"alignnone wp-image-3766\" src=\"https:\/\/bencis.twelvetwentystage.com\/wp-content\/uploads\/2022\/04\/Jeroen-Pit-wit.png\" alt=\"\" width=\"95\" height=\"67\" \/><\/p>\n<p>Jeroen Pit war eine starke Pers\u00f6nlichkeit. Ein Menschenmensch, ein besonderer Freund, hingebungsvoller Ehemann und Vater. Er tat alles, um so viel Zeit wie m\u00f6glich mit seiner Familie und seinen Verwandten zu verbringen. Feiern Sie das Leben, wie es kam. Teilen Sie die guten Dinge des Lebens mit anderen. Wie kein anderer konnte er seinen Kindern und denen anderer die positiven Seiten des Lebens zeigen. Er konnte ihnen diesen zus\u00e4tzlichen Schub an Motivation und Selbstvertrauen geben, wenn sie ihn brauchten.<\/p>\n\t\t<div class=\"btn \">\r\n\t\t\t<a href=\"https:\/\/hetjeroenpithuis.nl\/\" target=\"_blank\" >Webseite<\/a>\r\n\t\t<\/div>\r\n\t\t                        <\/div><!--end of text-wrap-->\r\n                    <\/div><!--end of image-text-module__slide-->\r\n                                    <\/div><!--end of image-text-module__slider-->\r\n            <\/div><!--end of inner-->\r\n        <\/div><!--end of image-text-module-->\r\n\t\t\n\n        <div class=\"quote-module align-center trigger-in-view\" style=\"background-color: #f8f8f8;\">\r\n            <div class=\"inner cf\">\r\n                <blockquote class=\"fade-in\">\r\n                    <p>Jeroen Pit war eine starke Pers\u00f6nlichkeit. Ein Menschenmensch, ein besonderer Freund, hingebungsvoller Ehemann und Vater.<\/p>\r\n                <\/blockquote>\r\n            <\/div><!--end of inner-->\r\n        <\/div><!--end of quote-module-->\r\n\t\t\n\n        <div class=\"image-text-module trigger-in-view  style-two  switch \" style=\"background-color: ;\">\r\n            <div class=\"inner cf fade-in\">\r\n                <div class=\"image-text-module__slider  \">\r\n                                        <div class=\"image-text-module__slide\">\r\n                        <div class=\"img-wrap\">\r\n                                                            <span><\/span>\r\n                        <\/div><!--end of img-wrap-->\r\n\r\n                        <div class=\"text-wrap\">\r\n                            <h2>Verbunden mit NVP<\/h2>\n<p>Die Nederlandse Vereniging van Participatiemaatschappijen (NVP) ist die Branchenorganisation und Verfechter der \u00f6ffentlichen Politik f\u00fcr die Private-Equity- und Venture-Capital-Branche in den Niederlanden. Die NVP ist die Anlaufstelle f\u00fcr alle, die mehr \u00fcber diese Investoren erfahren m\u00f6chten.<\/p>\n<p>Die NVP wurde 1984 gegr\u00fcndet und repr\u00e4sentiert 90 % des in den Niederlanden verwalteten Kapitals. Mitglieder sind sowohl nationale als auch internationale Private-Equity- und Venture-Capital-Gesellschaften. Assoziierte Mitglieder sind beruflich oder kommerziell an den Investitionen beteiligt. Dazu geh\u00f6ren Anwaltskanzleien, Berater, Steuerfachleute, Wirtschaftspr\u00fcfer und andere Berater.<\/p>\n<p><img loading=\"lazy\" decoding=\"async\" class=\"alignnone wp-image-3786\" src=\"https:\/\/bencis.twelvetwentystage.com\/wp-content\/uploads\/2022\/04\/NVP-Green-300x172.png\" alt=\"\" width=\"149\" height=\"85\" \/><\/p>\n\t\t<div class=\"btn \">\r\n\t\t\t<a href=\"https:\/\/nvp.nl\/\" target=\"_blank\" >Webseite<\/a>\r\n\t\t<\/div>\r\n\t\t                        <\/div><!--end of text-wrap-->\r\n                    <\/div><!--end of image-text-module__slide-->\r\n                                    <\/div><!--end of image-text-module__slider-->\r\n            <\/div><!--end of inner-->\r\n        <\/div><!--end of image-text-module-->\r\n\t\t\n\n        <div class=\"quote-module align-center trigger-in-view\" style=\"background-color: #f8f8f8;\">\r\n            <div class=\"inner cf\">\r\n                <blockquote class=\"fade-in\">\r\n                    <p>Die NVP ist die Anlaufstelle f\u00fcr alle, die mehr \u00fcber diese Investoren erfahren m\u00f6chten.<\/p>\r\n                <\/blockquote>\r\n            <\/div><!--end of inner-->\r\n        <\/div><!--end of quote-module-->\r\n\t\t\n\n        <div class=\"image-text-module trigger-in-view  style-two  switch \" style=\"background-color: ;\">\r\n            <div class=\"inner cf fade-in\">\r\n                <div class=\"image-text-module__slider  \">\r\n                                        <div class=\"image-text-module__slide\">\r\n                        <div class=\"img-wrap\">\r\n                                \t\r\n\t\t\t\t<div class='img webp' style='background-image: url(https:\/\/bencis.twelvetwentystage.com\/wp-content\/uploads\/2021\/12\/20210720_090-kopieren-1440x0-c-default.webp);'><\/div><!--end of img-wrap-->\r\n\t\t\t\t\t\t<div class='img' style='background-image: url(https:\/\/bencis.twelvetwentystage.com\/wp-content\/uploads\/2021\/12\/20210720_090-kopieren-1440x0-c-default.jpeg);'><\/div><!--end of img-wrap-->\r\n\t\t\t\r\n\t                            <span><\/span>\r\n                        <\/div><!--end of img-wrap-->\r\n\r\n                        <div class=\"text-wrap\">\r\n                            <h2>Unterst\u00fctzt Trees for All<\/h2>\n<p>Trees for All hat \u00fcber 20 Jahre Erfahrung und ist eine gemeinn\u00fctzige Organisation (ANBI) mit einem CBF-Zertifikat. Die CBF pr\u00fcft, ob anerkannte Wohlt\u00e4tigkeitsorganisationen strenge Qualit\u00e4tsanforderungen erf\u00fcllen und garantiert so, dass Ihre Spende zu einer besseren Welt beitr\u00e4gt und Sie auf Trees for All vertrauen k\u00f6nnen.<\/p>\n<p>B\u00e4ume und W\u00e4lder spielen eine entscheidende Rolle bei der Bek\u00e4mpfung des Klimawandels und des Verlusts der biologischen Vielfalt. Ohne B\u00e4ume kein Leben. Deshalb pflanzen wir weltweit neue W\u00e4lder, stellen degradierte W\u00e4lder wieder her und sensibilisieren die Menschen f\u00fcr die Bedeutung von B\u00e4umen \u2013 ob in der N\u00e4he der Heimat oder am anderen Ende der Welt. Unsere Projekte tragen dazu bei, ein besseres Klima, mehr Artenvielfalt und ges\u00fcndere Lebensbedingungen f\u00fcr alle zu schaffen.<\/p>\n<p><img loading=\"lazy\" decoding=\"async\" class=\"alignnone wp-image-3791\" src=\"https:\/\/bencis.twelvetwentystage.com\/wp-content\/uploads\/2022\/04\/trees-for-all-green-237x300.png\" alt=\"\" width=\"103\" height=\"130\" srcset=\"https:\/\/bencis.twelvetwentystage.com\/wp-content\/uploads\/2022\/04\/trees-for-all-green-237x300.png 237w, https:\/\/bencis.twelvetwentystage.com\/wp-content\/uploads\/2022\/04\/trees-for-all-green.png 571w\" sizes=\"auto, (max-width: 103px) 100vw, 103px\" \/><\/p>\n\t\t<div class=\"btn \">\r\n\t\t\t<a href=\"https:\/\/treesforall.nl\/en\/\" target=\"_blank\" >Webseite<\/a>\r\n\t\t<\/div>\r\n\t\t                        <\/div><!--end of text-wrap-->\r\n                    <\/div><!--end of image-text-module__slide-->\r\n                                    <\/div><!--end of image-text-module__slider-->\r\n            <\/div><!--end of inner-->\r\n        <\/div><!--end of image-text-module-->\r\n\t\t\n\n            <div class=\"full-text-module trigger-in-view  \" style=\"background-color: #f8f8f8;\">\r\n            <div class=\"inner cf\">\r\n                <div class=\"text-wrap fade-in\">\r\n                    <h2>Bencis unterst\u00fctzt Spacebuzz<\/h2>\n                <\/div><!--end of text-wrap-->\r\n            <\/div><!--end of inner-->\r\n        <\/div><!--end of full-text-module-->\r\n\t\t\n\n        <div class=\"image-text-module trigger-in-view  switch \" style=\"background-color: #f8f8f8;\">\r\n            <div class=\"inner cf fade-in\">\r\n                <div class=\"image-text-module__slider  \">\r\n                                        <div class=\"image-text-module__slide\">\r\n                        <div class=\"img-wrap\">\r\n                                \t\r\n\t\t\t\t<div class='img webp' style='background-image: url(https:\/\/bencis.twelvetwentystage.com\/wp-content\/uploads\/2022\/05\/Spacebuzz-Bencis.webp);'><\/div><!--end of img-wrap-->\r\n\t\t\t\t\t\t<div class='img' style='background-image: url(https:\/\/bencis.twelvetwentystage.com\/wp-content\/uploads\/2022\/05\/Spacebuzz-Bencis.jpeg);'><\/div><!--end of img-wrap-->\r\n\t\t\t\r\n\t                            <span>Spacebuzz<\/span>\r\n                        <\/div><!--end of img-wrap-->\r\n\r\n                        <div class=\"text-wrap\">\r\n                            <p><img loading=\"lazy\" decoding=\"async\" class=\"alignnone size-full wp-image-4457\" src=\"https:\/\/bencis.twelvetwentystage.com\/wp-content\/uploads\/2022\/05\/spacebuzz-logo.png\" alt=\"\" width=\"219\" height=\"33\" \/><\/p>\n<p>The non-profit SpaceBuzz educational foundation is inspired by the \u2018Overview Effect\u2019, that &#8211; until recently &#8211; only astronauts in space were able to experience. We want every child in the world to follow in the footsteps of astronauts and experience this for themselves.<\/p>\n\t\t<div class=\"btn \">\r\n\t\t\t<a href=\"https:\/\/www.spacebuzz.nl\/\" target=\"_blank\" >Webseite<\/a>\r\n\t\t<\/div>\r\n\t\t                        <\/div><!--end of text-wrap-->\r\n                    <\/div><!--end of image-text-module__slide-->\r\n                                    <\/div><!--end of image-text-module__slider-->\r\n            <\/div><!--end of inner-->\r\n        <\/div><!--end of image-text-module-->\r\n\t\t\n\n        <div class=\"quote-module align-center trigger-in-view\" style=\"background-color: #f8f8f8;\">\r\n            <div class=\"inner cf\">\r\n                <blockquote class=\"fade-in\">\r\n                    <p>We want every child in the world to follow in the footsteps of astronauts and experience this for themselves.<\/p>\r\n                <\/blockquote>\r\n            <\/div><!--end of inner-->\r\n        <\/div><!--end of quote-module-->\r\n\t\t","protected":false},"excerpt":{"rendered":"","protected":false},"author":1,"featured_media":0,"parent":0,"menu_order":0,"comment_status":"closed","ping_status":"closed","template":"","meta":{"_acf_changed":false,"footnotes":""},"class_list":["post-1922","page","type-page","status-publish","hentry"],"acf":[],"yoast_head":"<!-- This site is optimized with the Yoast SEO plugin v27.4 - https:\/\/yoast.com\/product\/yoast-seo-wordpress\/ -->\n<title>Partner &amp; Initiativen | Bencis<\/title>\n<meta name=\"description\" content=\"Bencis unterst\u00fctzt verschiedene Partner und Initiativen, darunter Level20, das Jeroen Pit Huis, NVP und Trees for All.\" \/>\n<meta name=\"robots\" content=\"noindex, follow, max-snippet:-1, max-image-preview:large, max-video-preview:-1\" \/>\n<meta property=\"og:locale\" content=\"de_DE\" \/>\n<meta property=\"og:type\" content=\"article\" \/>\n<meta property=\"og:title\" content=\"Partner &amp; Initiativen | Bencis\" \/>\n<meta property=\"og:description\" content=\"Bencis unterst\u00fctzt verschiedene Partner und Initiativen, darunter Level20, das Jeroen Pit Huis, NVP und Trees for All.\" \/>\n<meta property=\"og:url\" content=\"https:\/\/bencis.twelvetwentystage.com\/de\/partner-initiativen\/\" \/>\n<meta property=\"og:site_name\" content=\"Bencis\" \/>\n<meta property=\"article:modified_time\" content=\"2023-01-17T08:26:35+00:00\" \/>\n<meta name=\"twitter:card\" content=\"summary_large_image\" \/>\n<script type=\"application\/ld+json\" class=\"yoast-schema-graph\">{\"@context\":\"https:\\\/\\\/schema.org\",\"@graph\":[{\"@type\":\"WebPage\",\"@id\":\"https:\\\/\\\/bencis.twelvetwentystage.com\\\/de\\\/partner-initiativen\\\/\",\"url\":\"https:\\\/\\\/bencis.twelvetwentystage.com\\\/de\\\/partner-initiativen\\\/\",\"name\":\"Partner & Initiativen | Bencis\",\"isPartOf\":{\"@id\":\"https:\\\/\\\/bencis.twelvetwentystage.com\\\/#website\"},\"datePublished\":\"2021-12-08T15:15:39+00:00\",\"dateModified\":\"2023-01-17T08:26:35+00:00\",\"description\":\"Bencis unterst\u00fctzt verschiedene Partner und Initiativen, darunter Level20, das Jeroen Pit Huis, NVP und Trees for All.\",\"breadcrumb\":{\"@id\":\"https:\\\/\\\/bencis.twelvetwentystage.com\\\/de\\\/partner-initiativen\\\/#breadcrumb\"},\"inLanguage\":\"de\",\"potentialAction\":[{\"@type\":\"ReadAction\",\"target\":[\"https:\\\/\\\/bencis.twelvetwentystage.com\\\/de\\\/partner-initiativen\\\/\"]}]},{\"@type\":\"BreadcrumbList\",\"@id\":\"https:\\\/\\\/bencis.twelvetwentystage.com\\\/de\\\/partner-initiativen\\\/#breadcrumb\",\"itemListElement\":[{\"@type\":\"ListItem\",\"position\":1,\"name\":\"Home\",\"item\":\"https:\\\/\\\/bencis.twelvetwentystage.com\\\/de\\\/\"},{\"@type\":\"ListItem\",\"position\":2,\"name\":\"Partner &#038; Initiativen\"}]},{\"@type\":\"WebSite\",\"@id\":\"https:\\\/\\\/bencis.twelvetwentystage.com\\\/#website\",\"url\":\"https:\\\/\\\/bencis.twelvetwentystage.com\\\/\",\"name\":\"Bencis\",\"description\":\"Realising Ambitions\",\"potentialAction\":[{\"@type\":\"SearchAction\",\"target\":{\"@type\":\"EntryPoint\",\"urlTemplate\":\"https:\\\/\\\/bencis.twelvetwentystage.com\\\/?s={search_term_string}\"},\"query-input\":{\"@type\":\"PropertyValueSpecification\",\"valueRequired\":true,\"valueName\":\"search_term_string\"}}],\"inLanguage\":\"de\"}]}<\/script>\n<!-- \/ Yoast SEO plugin. -->","yoast_head_json":{"title":"Partner & Initiativen | Bencis","description":"Bencis unterst\u00fctzt verschiedene Partner und Initiativen, darunter Level20, das Jeroen Pit Huis, NVP und Trees for All.","robots":{"index":"noindex","follow":"follow","max-snippet":"max-snippet:-1","max-image-preview":"max-image-preview:large","max-video-preview":"max-video-preview:-1"},"og_locale":"de_DE","og_type":"article","og_title":"Partner & Initiativen | Bencis","og_description":"Bencis unterst\u00fctzt verschiedene Partner und Initiativen, darunter Level20, das Jeroen Pit Huis, NVP und Trees for All.","og_url":"https:\/\/bencis.twelvetwentystage.com\/de\/partner-initiativen\/","og_site_name":"Bencis","article_modified_time":"2023-01-17T08:26:35+00:00","twitter_card":"summary_large_image","schema":{"@context":"https:\/\/schema.org","@graph":[{"@type":"WebPage","@id":"https:\/\/bencis.twelvetwentystage.com\/de\/partner-initiativen\/","url":"https:\/\/bencis.twelvetwentystage.com\/de\/partner-initiativen\/","name":"Partner & Initiativen | Bencis","isPartOf":{"@id":"https:\/\/bencis.twelvetwentystage.com\/#website"},"datePublished":"2021-12-08T15:15:39+00:00","dateModified":"2023-01-17T08:26:35+00:00","description":"Bencis unterst\u00fctzt verschiedene Partner und Initiativen, darunter Level20, das Jeroen Pit Huis, NVP und Trees for All.","breadcrumb":{"@id":"https:\/\/bencis.twelvetwentystage.com\/de\/partner-initiativen\/#breadcrumb"},"inLanguage":"de","potentialAction":[{"@type":"ReadAction","target":["https:\/\/bencis.twelvetwentystage.com\/de\/partner-initiativen\/"]}]},{"@type":"BreadcrumbList","@id":"https:\/\/bencis.twelvetwentystage.com\/de\/partner-initiativen\/#breadcrumb","itemListElement":[{"@type":"ListItem","position":1,"name":"Home","item":"https:\/\/bencis.twelvetwentystage.com\/de\/"},{"@type":"ListItem","position":2,"name":"Partner &#038; Initiativen"}]},{"@type":"WebSite","@id":"https:\/\/bencis.twelvetwentystage.com\/#website","url":"https:\/\/bencis.twelvetwentystage.com\/","name":"Bencis","description":"Realising Ambitions","potentialAction":[{"@type":"SearchAction","target":{"@type":"EntryPoint","urlTemplate":"https:\/\/bencis.twelvetwentystage.com\/?s={search_term_string}"},"query-input":{"@type":"PropertyValueSpecification","valueRequired":true,"valueName":"search_term_string"}}],"inLanguage":"de"}]}},"_links":{"self":[{"href":"https:\/\/bencis.twelvetwentystage.com\/de\/wp-json\/wp\/v2\/pages\/1922","targetHints":{"allow":["GET"]}}],"collection":[{"href":"https:\/\/bencis.twelvetwentystage.com\/de\/wp-json\/wp\/v2\/pages"}],"about":[{"href":"https:\/\/bencis.twelvetwentystage.com\/de\/wp-json\/wp\/v2\/types\/page"}],"author":[{"embeddable":true,"href":"https:\/\/bencis.twelvetwentystage.com\/de\/wp-json\/wp\/v2\/users\/1"}],"replies":[{"embeddable":true,"href":"https:\/\/bencis.twelvetwentystage.com\/de\/wp-json\/wp\/v2\/comments?post=1922"}],"version-history":[{"count":29,"href":"https:\/\/bencis.twelvetwentystage.com\/de\/wp-json\/wp\/v2\/pages\/1922\/revisions"}],"predecessor-version":[{"id":5755,"href":"https:\/\/bencis.twelvetwentystage.com\/de\/wp-json\/wp\/v2\/pages\/1922\/revisions\/5755"}],"wp:attachment":[{"href":"https:\/\/bencis.twelvetwentystage.com\/de\/wp-json\/wp\/v2\/media?parent=1922"}],"curies":[{"name":"wp","href":"https:\/\/api.w.org\/{rel}","templated":true}]}}