{"id":1544,"date":"2021-12-08T12:13:47","date_gmt":"2021-12-08T12:13:47","guid":{"rendered":"https:\/\/www.bencis.com\/about\/"},"modified":"2025-11-10T11:20:25","modified_gmt":"2025-11-10T10:20:25","slug":"about","status":"publish","type":"page","link":"https:\/\/bencis.twelvetwentystage.com\/fr\/about\/","title":{"rendered":"\u00c0 propos de nous"},"content":{"rendered":"            <div class=\"full-text-module trigger-in-view  \" style=\"background-color: ;\">\r\n            <div class=\"inner cf\">\r\n                <div class=\"text-wrap fade-in\">\r\n                    <h1>\u00c0 propos de nous<\/h1>\n<h5><span style=\"font-weight: 400;\">Bencis est une soci\u00e9t\u00e9 d\u2019investissement ind\u00e9pendante, cr\u00e9\u00e9e en 1999 par Zoran van Gessel et Jeroen Pit. Bencis soutient des entrepreneurs et des \u00e9quipes de direction dans la r\u00e9alisation de leurs ambitions de croissance.<\/span><\/h5>\n<p><span style=\"font-weight: 400;\">Depuis plus de 20 ans, nous investissons dans des entreprises solides et fructueuses aux Pays-Bas, en Belgique et Allemagne.\u00a0 Gr\u00e2ce \u00e0 notre grande exp\u00e9rience et expertise dans les secteurs tels que l\u2019industrie &amp; la fabrication, l\u2019alimentation &amp; les boissons, le commerce &amp; les services client\u00e8le, la sant\u00e9 &amp; les loisirs et la vente en gros o\u00f9 en d\u00e9tails, nous permet d\u2019ajouter une v\u00e9ritable valeur.\u00a0 L\u2019entreprise n\u2019est donc pas seule au centre de nos pr\u00e9occupations, il y aussi notamment le soutien aux personnes qui ont construit l\u2019entreprise et.<\/span><\/p>\n<p><span style=\"font-weight: 400;\">De plus, ce n&rsquo;est pas seulement les entreprises elle-m\u00eame qui sont essentielles pour nous, mais surtout nous accompagnons les personnes qui ont construit les entreprises et qui les aident \u00e0 avancer !<\/span><\/p>\n<p>Bencis travaille avec 35 collaborateurs r\u00e9partis dans des bureaux \u00e0 Amsterdam, Bruxelles\/Diegem et D\u00fcsseldorf. En ce moment, nous investissons dans 33 entreprises o\u00f9 travaillent pr\u00e8s de 13235 personnes. Ces entreprises r\u00e9alisent ensemble un chiffre d\u2019affaires d\u2019environ 2,5 milliard d\u2019euros. Bencis investit de pr\u00e9f\u00e9rence dans des entreprises qui ont un r\u00e9sultat d\u2019exploitation jusqu\u2019\u00e0 50 millions d\u2019euros.<\/p>\n<p>Vous voulez en savoir plus ? Nous vous invitons \u00e0 une premi\u00e8re prise de contact.<\/p>\n<pre id=\"tw-target-text\" class=\"tw-data-text tw-text-large tw-ta\" dir=\"ltr\" data-placeholder=\"Vertaling\"><\/pre>\n\t\t<div class=\"btn \">\r\n\t\t\t<a href=\"https:\/\/bencis.twelvetwentystage.com\/fr\/contact\/\" target=\"_self\" >Visitez notre page de contact<\/a>\r\n\t\t<\/div>\r\n\t\t                <\/div><!--end of text-wrap-->\r\n            <\/div><!--end of inner-->\r\n        <\/div><!--end of full-text-module-->\r\n\t\t\n\n        <div class=\"timeline-module\">\r\n            <div class=\"inner cf\">\r\n                <div class=\"timeline-module-container\">\r\n                    <div class=\"timeline-module-top trigger-in-view\">\r\n                        <div class=\"timeline-module-text fade-in\">\r\n                                                                                <\/div>\r\n                        <div class=\"timeline-module__arrows fade-in delay-0\">\r\n                            <ul>\r\n                                <li class=\"prev\"><\/li>\r\n                                <li class=\"next\"><\/li>\r\n                            <\/ul>\r\n                        <\/div>\r\n                    <\/div>\r\n                                            <div class=\"timeline-module__slider trigger-in-view\">\r\n                                                                                            <div class=\"timeline-module__slide fade-in delay-0\">\r\n                                    <div class=\"item\">\r\n                                    <div class=\"image\">\r\n                                            <img decoding=\"async\" src=\"https:\/\/bencis.twelvetwentystage.com\/wp-content\/uploads\/2024\/01\/Bencis-Team-scaled.jpg\">\r\n                                        <\/div>\r\n                                        <div class=\"active-line\"><\/div>\r\n                                                                                                                    <\/div>\r\n                                <\/div>\r\n                                                                                            <div class=\"timeline-module__slide fade-in delay-1\">\r\n                                    <div class=\"item\">\r\n                                    <div class=\"image\">\r\n                                            <img decoding=\"async\" src=\"https:\/\/bencis.twelvetwentystage.com\/wp-content\/uploads\/2025\/04\/189de208-89fa-4b71-a16e-9fc815c8cb87.jpg\">\r\n                                        <\/div>\r\n                                        <div class=\"active-line\"><\/div>\r\n                                                                                                                    <\/div>\r\n                                <\/div>\r\n                                                                                            <div class=\"timeline-module__slide fade-in delay-2\">\r\n                                    <div class=\"item\">\r\n                                    <div class=\"image\">\r\n                                            <img decoding=\"async\" src=\"https:\/\/bencis.twelvetwentystage.com\/wp-content\/uploads\/2025\/04\/IMG_9762.jpg\">\r\n                                        <\/div>\r\n                                        <div class=\"active-line\"><\/div>\r\n                                                                                                                    <\/div>\r\n                                <\/div>\r\n                                                                                            <div class=\"timeline-module__slide fade-in delay-3\">\r\n                                    <div class=\"item\">\r\n                                    <div class=\"image\">\r\n                                            <img decoding=\"async\" src=\"https:\/\/bencis.twelvetwentystage.com\/wp-content\/uploads\/2025\/07\/Cable-car-15-scaled.jpeg\">\r\n                                        <\/div>\r\n                                        <div class=\"active-line\"><\/div>\r\n                                                                                                                    <\/div>\r\n                                <\/div>\r\n                                                                                            <div class=\"timeline-module__slide fade-in delay-4\">\r\n                                    <div class=\"item\">\r\n                                    <div class=\"image\">\r\n                                            <img decoding=\"async\" src=\"https:\/\/bencis.twelvetwentystage.com\/wp-content\/uploads\/2025\/04\/IMG_5457.jpg\">\r\n                                        <\/div>\r\n                                        <div class=\"active-line\"><\/div>\r\n                                                                                                                    <\/div>\r\n                                <\/div>\r\n                                                                                            <div class=\"timeline-module__slide fade-in delay-5\">\r\n                                    <div class=\"item\">\r\n                                    <div class=\"image\">\r\n                                            <img decoding=\"async\" src=\"https:\/\/bencis.twelvetwentystage.com\/wp-content\/uploads\/2025\/04\/PHOTO-2021-09-15-10-32-14.jpg\">\r\n                                        <\/div>\r\n                                        <div class=\"active-line\"><\/div>\r\n                                                                                                                    <\/div>\r\n                                <\/div>\r\n                                                                                            <div class=\"timeline-module__slide fade-in delay-6\">\r\n                                    <div class=\"item\">\r\n                                    <div class=\"image\">\r\n                                            <img decoding=\"async\" src=\"https:\/\/bencis.twelvetwentystage.com\/wp-content\/uploads\/2025\/04\/Groepsfoto-schotland.jpg\">\r\n                                        <\/div>\r\n                                        <div class=\"active-line\"><\/div>\r\n                                                                                                                    <\/div>\r\n                                <\/div>\r\n                                                                                            <div class=\"timeline-module__slide fade-in delay-7\">\r\n                                    <div class=\"item\">\r\n                                    <div class=\"image\">\r\n                                            <img decoding=\"async\" src=\"https:\/\/bencis.twelvetwentystage.com\/wp-content\/uploads\/2025\/11\/PAC_0936-scaled.jpg\">\r\n                                        <\/div>\r\n                                        <div class=\"active-line\"><\/div>\r\n                                                                                                                    <\/div>\r\n                                <\/div>\r\n                                                    <\/div>\r\n                                        <div class=\"timeline trigger-in-view\">\r\n                                            <\/div>\r\n                <\/div>\r\n            <\/div><!--end of inner-->\r\n        <\/div><!--end of image-text-module-->\r\n\t\t\n\n        <div class=\"quote-module align-center trigger-in-view\" style=\"background-color: ;\">\r\n            <div class=\"inner cf\">\r\n                <blockquote class=\"fade-in\">\r\n                    <p>De plus, ce n&rsquo;est pas seulement l&rsquo;entreprise elle-m\u00eame qui est essentielle pour nous, mais surtout le soutien que nous pouvons apporter aux personnes qui l&rsquo;ont construite et qui la portent plus loin<\/p>\r\n                <\/blockquote>\r\n            <\/div><!--end of inner-->\r\n        <\/div><!--end of quote-module-->\r\n\t\t\n\n            <div class=\"full-media-module trigger-in-view\">\r\n            <div class=\"inner cf\">\r\n            <div style=\"padding:56.25% 0 0 0;position:relative;\" class=\"fade-in\"><iframe src=\"https:\/\/player.vimeo.com\/video\/671172147?h=241a0938f8&#038;title=0&#038;byline=0&#038;portrait=0\" style=\"position:absolute;top:0;left:0;width:100%;height:100%;\" frameborder=\"0\" allow=\"autoplay; fullscreen; picture-in-picture\" allowfullscreen><\/iframe><\/div><script src=\"https:\/\/player.vimeo.com\/api\/player.js\"><\/script>\r\n                                <div class=\"text-wrap fade-in\">\r\n                    <p>Watch our video.<\/p>\n                <\/div><!--end of text-wrap-->\r\n                            <\/div><!--end of inner-->\r\n        <\/div><!--end of full-media-module-->\r\n\t\t","protected":false},"excerpt":{"rendered":"","protected":false},"author":1,"featured_media":0,"parent":0,"menu_order":0,"comment_status":"closed","ping_status":"closed","template":"","meta":{"_acf_changed":false,"footnotes":""},"class_list":["post-1544","page","type-page","status-publish","hentry"],"acf":[],"yoast_head":"<!-- This site is optimized with the Yoast SEO plugin v27.4 - https:\/\/yoast.com\/product\/yoast-seo-wordpress\/ -->\n<title>\u00c0 propos de nous | Bencis<\/title>\n<meta name=\"description\" content=\"Depuis plus de 20 ans, nous investissons dans des entreprises solides et fructueuses aux Pays-Bas, en Belgique et Allemagne.\" \/>\n<meta name=\"robots\" content=\"noindex, follow, max-snippet:-1, max-image-preview:large, max-video-preview:-1\" \/>\n<meta property=\"og:locale\" content=\"fr_FR\" \/>\n<meta property=\"og:type\" content=\"article\" \/>\n<meta property=\"og:title\" content=\"\u00c0 propos de nous | Bencis\" \/>\n<meta property=\"og:description\" content=\"Depuis plus de 20 ans, nous investissons dans des entreprises solides et fructueuses aux Pays-Bas, en Belgique et Allemagne.\" \/>\n<meta property=\"og:url\" content=\"https:\/\/bencis.twelvetwentystage.com\/fr\/about\/\" \/>\n<meta property=\"og:site_name\" content=\"Bencis\" \/>\n<meta property=\"article:modified_time\" content=\"2025-11-10T10:20:25+00:00\" \/>\n<meta name=\"twitter:card\" content=\"summary_large_image\" \/>\n<script type=\"application\/ld+json\" class=\"yoast-schema-graph\">{\"@context\":\"https:\\\/\\\/schema.org\",\"@graph\":[{\"@type\":\"WebPage\",\"@id\":\"https:\\\/\\\/bencis.twelvetwentystage.com\\\/fr\\\/about\\\/\",\"url\":\"https:\\\/\\\/bencis.twelvetwentystage.com\\\/fr\\\/about\\\/\",\"name\":\"\u00c0 propos de nous | Bencis\",\"isPartOf\":{\"@id\":\"https:\\\/\\\/bencis.twelvetwentystage.com\\\/#website\"},\"datePublished\":\"2021-12-08T12:13:47+00:00\",\"dateModified\":\"2025-11-10T10:20:25+00:00\",\"description\":\"Depuis plus de 20 ans, nous investissons dans des entreprises solides et fructueuses aux Pays-Bas, en Belgique et Allemagne.\",\"breadcrumb\":{\"@id\":\"https:\\\/\\\/bencis.twelvetwentystage.com\\\/fr\\\/about\\\/#breadcrumb\"},\"inLanguage\":\"fr-FR\",\"potentialAction\":[{\"@type\":\"ReadAction\",\"target\":[\"https:\\\/\\\/bencis.twelvetwentystage.com\\\/fr\\\/about\\\/\"]}]},{\"@type\":\"BreadcrumbList\",\"@id\":\"https:\\\/\\\/bencis.twelvetwentystage.com\\\/fr\\\/about\\\/#breadcrumb\",\"itemListElement\":[{\"@type\":\"ListItem\",\"position\":1,\"name\":\"Home\",\"item\":\"https:\\\/\\\/bencis.twelvetwentystage.com\\\/fr\\\/\"},{\"@type\":\"ListItem\",\"position\":2,\"name\":\"\u00c0 propos de nous\"}]},{\"@type\":\"WebSite\",\"@id\":\"https:\\\/\\\/bencis.twelvetwentystage.com\\\/#website\",\"url\":\"https:\\\/\\\/bencis.twelvetwentystage.com\\\/\",\"name\":\"Bencis\",\"description\":\"Realising Ambitions\",\"potentialAction\":[{\"@type\":\"SearchAction\",\"target\":{\"@type\":\"EntryPoint\",\"urlTemplate\":\"https:\\\/\\\/bencis.twelvetwentystage.com\\\/?s={search_term_string}\"},\"query-input\":{\"@type\":\"PropertyValueSpecification\",\"valueRequired\":true,\"valueName\":\"search_term_string\"}}],\"inLanguage\":\"fr-FR\"}]}<\/script>\n<!-- \/ Yoast SEO plugin. -->","yoast_head_json":{"title":"\u00c0 propos de nous | Bencis","description":"Depuis plus de 20 ans, nous investissons dans des entreprises solides et fructueuses aux Pays-Bas, en Belgique et Allemagne.","robots":{"index":"noindex","follow":"follow","max-snippet":"max-snippet:-1","max-image-preview":"max-image-preview:large","max-video-preview":"max-video-preview:-1"},"og_locale":"fr_FR","og_type":"article","og_title":"\u00c0 propos de nous | Bencis","og_description":"Depuis plus de 20 ans, nous investissons dans des entreprises solides et fructueuses aux Pays-Bas, en Belgique et Allemagne.","og_url":"https:\/\/bencis.twelvetwentystage.com\/fr\/about\/","og_site_name":"Bencis","article_modified_time":"2025-11-10T10:20:25+00:00","twitter_card":"summary_large_image","schema":{"@context":"https:\/\/schema.org","@graph":[{"@type":"WebPage","@id":"https:\/\/bencis.twelvetwentystage.com\/fr\/about\/","url":"https:\/\/bencis.twelvetwentystage.com\/fr\/about\/","name":"\u00c0 propos de nous | Bencis","isPartOf":{"@id":"https:\/\/bencis.twelvetwentystage.com\/#website"},"datePublished":"2021-12-08T12:13:47+00:00","dateModified":"2025-11-10T10:20:25+00:00","description":"Depuis plus de 20 ans, nous investissons dans des entreprises solides et fructueuses aux Pays-Bas, en Belgique et Allemagne.","breadcrumb":{"@id":"https:\/\/bencis.twelvetwentystage.com\/fr\/about\/#breadcrumb"},"inLanguage":"fr-FR","potentialAction":[{"@type":"ReadAction","target":["https:\/\/bencis.twelvetwentystage.com\/fr\/about\/"]}]},{"@type":"BreadcrumbList","@id":"https:\/\/bencis.twelvetwentystage.com\/fr\/about\/#breadcrumb","itemListElement":[{"@type":"ListItem","position":1,"name":"Home","item":"https:\/\/bencis.twelvetwentystage.com\/fr\/"},{"@type":"ListItem","position":2,"name":"\u00c0 propos de nous"}]},{"@type":"WebSite","@id":"https:\/\/bencis.twelvetwentystage.com\/#website","url":"https:\/\/bencis.twelvetwentystage.com\/","name":"Bencis","description":"Realising Ambitions","potentialAction":[{"@type":"SearchAction","target":{"@type":"EntryPoint","urlTemplate":"https:\/\/bencis.twelvetwentystage.com\/?s={search_term_string}"},"query-input":{"@type":"PropertyValueSpecification","valueRequired":true,"valueName":"search_term_string"}}],"inLanguage":"fr-FR"}]}},"_links":{"self":[{"href":"https:\/\/bencis.twelvetwentystage.com\/fr\/wp-json\/wp\/v2\/pages\/1544","targetHints":{"allow":["GET"]}}],"collection":[{"href":"https:\/\/bencis.twelvetwentystage.com\/fr\/wp-json\/wp\/v2\/pages"}],"about":[{"href":"https:\/\/bencis.twelvetwentystage.com\/fr\/wp-json\/wp\/v2\/types\/page"}],"author":[{"embeddable":true,"href":"https:\/\/bencis.twelvetwentystage.com\/fr\/wp-json\/wp\/v2\/users\/1"}],"replies":[{"embeddable":true,"href":"https:\/\/bencis.twelvetwentystage.com\/fr\/wp-json\/wp\/v2\/comments?post=1544"}],"version-history":[{"count":43,"href":"https:\/\/bencis.twelvetwentystage.com\/fr\/wp-json\/wp\/v2\/pages\/1544\/revisions"}],"predecessor-version":[{"id":10389,"href":"https:\/\/bencis.twelvetwentystage.com\/fr\/wp-json\/wp\/v2\/pages\/1544\/revisions\/10389"}],"wp:attachment":[{"href":"https:\/\/bencis.twelvetwentystage.com\/fr\/wp-json\/wp\/v2\/media?parent=1544"}],"curies":[{"name":"wp","href":"https:\/\/api.w.org\/{rel}","templated":true}]}}